{"id":330,"date":"2021-09-30T20:58:11","date_gmt":"2021-09-30T20:58:11","guid":{"rendered":"https:\/\/zszelena42.eu\/foosball\/?page_id=330"},"modified":"2021-09-30T21:22:24","modified_gmt":"2021-09-30T21:22:24","slug":"pravidla","status":"publish","type":"page","link":"https:\/\/zszelena42.eu\/foosball\/pravidla\/","title":{"rendered":"Pravidla"},"content":{"rendered":"\n<h2 class=\"wp-block-heading\">1. Zah\u00e1jen\u00ed hry<\/h2>\n\n\n\n<p>P\u0159ed zah\u00e1jen\u00edm hry ob\u011b strany provedou los minc\u00ed.&nbsp;<strong>V\u00edt\u011bz losu m\u00e1<\/strong>&nbsp;<strong>pr\u00e1vo volby strany<\/strong>. Hra je zah\u00e1jena, je-li vhozen m\u00ed\u010d do hrac\u00edho pole.&nbsp;<strong>Strany se pak ji\u017e nest\u0159\u00eddaj\u00ed<\/strong>.<\/p>\n\n\n\n<h2 class=\"wp-block-heading\"><a><\/a>2. Hrac\u00ed doba<\/h2>\n\n\n\n<p>Ka\u017ed\u00e1 hra se hraje na&nbsp;<strong>5 minut<\/strong>.<\/p>\n\n\n\n<h2 class=\"wp-block-heading\"><a><\/a>3. Pod\u00e1n\u00ed<\/h2>\n\n\n\n<p><strong>Pod\u00e1v\u00e1&nbsp;to dru\u017estvo na jeho\u017e stran\u011b je otvor pro vhozen\u00ed m\u00ed\u010de na hrac\u00ed st\u016fl a to po celou dobu z\u00e1pasu<\/strong>. H\u00e1zej\u00edc\u00ed hr\u00e1\u010d se&nbsp;sm\u00ed pokusit ovlivnit dr\u00e1hu m\u00ed\u010de.&nbsp;<strong>Rotace m\u00ed\u010de pro ovlivn\u011bn\u00ed vhozu je dovolena.<\/strong>&nbsp;Vhazuj\u00edc\u00edm dru\u017estvem nem\u016f\u017ee b\u00fdt branka dosa\u017eena d\u0159\u00edve, ne\u017e se m\u00ed\u010d dotkl figur.&nbsp;<strong>Serv\u00edruj\u00edc\u00ed hr\u00e1\u010d je povinen ov\u011b\u0159it si p\u0159ipravenost soupe\u0159e k odehr\u00e1n\u00ed dal\u0161\u00edho m\u00ed\u010de<\/strong>. Serv\u00edruj\u00edc\u00ed hr\u00e1\u010d nesm\u00ed m\u00ed\u010d hodit d\u0159\u00edve, ne\u017e soupe\u0159ovo mu\u017estvo potvrd\u00ed p\u0159ipravenost ke h\u0159e.&nbsp;<strong>Hr\u00e1\u010d sm\u00ed ohrozit br\u00e1nu a\u017e po p\u0159ihr\u00e1vce, nesm\u00ed d\u00e1t g\u00f3l z prvn\u00edho doteku.<\/strong><\/p>\n\n\n\n<h2 class=\"wp-block-heading\"><a><\/a>4. M\u00ed\u010d ve h\u0159e<\/h2>\n\n\n\n<p>Pokud byl m\u00ed\u010d uveden vhazuj\u00edc\u00edm do hry, z\u016fst\u00e1v\u00e1 ve h\u0159e tak dlouho, dokud se s n\u00edm na stole hraje, je v dosahu kter\u00e9hokoliv z hr\u00e1\u010d\u016f a nen\u00ed prohl\u00e1\u0161en za mrtv\u00fd nebo nen\u00ed dosa\u017eena branka.&nbsp;<strong>\u017d\u00e1dn\u00fd t\u00fdm nesm\u00ed bezd\u016fvodn\u011b zdr\u017eovat b\u011bhem hry jej\u00ed plynulost<\/strong>, nap\u0159\u00edklad pro udr\u017een\u00ed sv\u00e9ho aktivn\u00edho sk\u00f3re.<\/p>\n\n\n\n<h2 class=\"wp-block-heading\"><a><\/a>5. Mrtv\u00fd m\u00ed\u010d<\/h2>\n\n\n\n<p><strong>Mrtv\u00fdm m\u00ed\u010dem se ozna\u010duje situace, kdy se m\u00ed\u010d zastav\u00ed a nen\u00ed v dosahu \u017e\u00e1dn\u00e9ho hr\u00e1\u010de. U stolu s kryc\u00edm sklem se m\u00ed\u010d dostane do hry naklon\u011bn\u00edm stolu<\/strong>. Pokud je m\u00ed\u010d prohl\u00e1\u0161en za mrtv\u00fd mezi jednou z branek a n\u00e1sleduj\u00edc\u00ed ty\u010d\u00ed s dv\u011bma figurkami,<strong>nakl\u00e1n\u00ed st\u016fl dru\u017estvo,kter\u00e9 tato strana n\u00e1le\u017e\u00ed.&nbsp;<\/strong>Nakl\u00e1n\u011bn\u00ed se prov\u00e1d\u00ed tak, aby m\u00ed\u010d \u0161el od br\u00e1ny ven do h\u0159i\u0161t\u011b \u010di do strany. P\u0159i mrtv\u00e9m m\u00ed\u010di na brankov\u00e9 \u010d\u00e1\u0159e nakl\u00e1n\u00ed st\u016fl obr\u00e1nce.&nbsp;<strong>Pokud p\u0159itom dojde ke spadnut\u00ed m\u00ed\u010de do br\u00e1ny, branka neplat\u00ed<\/strong>. P\u0159ed naklon\u011bn\u00edm stolu se mus\u00ed ob\u011b dru\u017estva na tomto dohodnout a ujistit se, \u017ee jsou p\u0159ipravena ke h\u0159e.<strong>&nbsp;Po naklon\u011bn\u00ed stolu lze ohrozit branku a\u017e po min.&nbsp;dvou p\u0159ihr\u00e1vk\u00e1ch, pokud padne branka d\u0159\u00edve, je neplatn\u00e1 a znovu se pod\u00e1v\u00e1<\/strong>.<\/p>\n\n\n\n<h2 class=\"wp-block-heading\"><a><\/a>6. P\u0159eru\u0161en\u00ed hry<\/h2>\n\n\n\n<p><strong>Jedenkr\u00e1t za hru m\u016f\u017ee ka\u017ed\u00e9 z dru\u017estev po\u017e\u00e1dat o p\u0159eru\u0161en\u00ed hry ( time out ) na dobu 30 vte\u0159in<\/strong>, a to zejm\u00e9na pro proveden\u00ed st\u0159\u00edd\u00e1n\u00ed, ut\u0159en\u00ed madel apod..&nbsp;<strong>Time out m\u016f\u017ee dru\u017estvo \u017e\u00e1dat pouze po dosa\u017een\u00ed branky jedn\u00edm z dru\u017estev<\/strong>. Nen\u00ed povoleno \u017e\u00e1dat p\u0159eru\u0161en\u00ed, kdy\u017e je m\u00ed\u010d ve h\u0159e. Pokud ob\u011b mu\u017estva prohl\u00e1s\u00ed,\u017ee jsou p\u0159ipravena ke h\u0159e d\u0159\u00edve, ne\u017e uplyne pln\u00fd \u010das, hraje se d\u00e1l.<\/p>\n\n\n\n<h2 class=\"wp-block-heading\"><a><\/a>7. V\u00fdm\u011bna m\u00edsta<\/h2>\n\n\n\n<p><strong>Ve h\u0159e dvojic sm\u00ed hr\u00e1t ka\u017ed\u00fd hr\u00e1\u010d jen na obou ty\u010d\u00edch, kter\u00e9 jsou ur\u010deny pro jeho pozici.&nbsp;K vyst\u0159\u00edd\u00e1n\u00ed m\u016f\u017ee doj\u00edt pouze b\u011bhem time &#8211; outu<\/strong>.<\/p>\n\n\n\n<h2 class=\"wp-block-heading\"><a><\/a>8. Ot\u00e1\u010den\u00ed ty\u010demi<\/h2>\n\n\n\n<p><strong>Prot\u00e1\u010den\u00ed ty\u010d\u00ed je zak\u00e1z\u00e1no<\/strong>. Prot\u00e1\u010den\u00edm se rozum\u00ed&nbsp;<strong>rotace n\u011bjak\u00e9 figurky o v\u00edce ne\u017e 360 stup\u0148\u016f p\u0159ed nebo po dotyku m\u00ed\u010de<\/strong>. Pokud se m\u00ed\u010d dostane do pohybu t\u00edmto zp\u016fsobem, mus\u00ed se opatrn\u011b nahr\u00e1t posti\u017een\u00e9mu obr\u00e1nci ( brank\u00e1\u0159i ), kter\u00fd znovu rozehraje m\u00ed\u010d \u2013 nesm\u00ed v\u0161ak p\u0159\u00edmo st\u0159\u00edlet.&nbsp;<strong>Provinil\u00e9 dru\u017estvo je nav\u00edc potrest\u00e1no technick\u00fdm faulem<\/strong>. Pokud se ze zak\u00e1zan\u00e9ho prot\u00e1\u010den\u00ed vst\u0159el\u00ed g\u00f3l nebo p\u0159i \u201eopatrn\u00e9m nahr\u00e1n\u00ed obr\u00e1nci\u201c padne g\u00f3l, nen\u00ed uzn\u00e1n.&nbsp;<strong>Pokud hr\u00e1\u010d vst\u0159el\u00ed ot\u00e1\u010den\u00edm vlastn\u00ed branku, plat\u00ed toto jako bod pro soupe\u0159e<\/strong>.<\/p>\n\n\n\n<h2 class=\"wp-block-heading\"><a><\/a>9. Dosa\u017een\u00ed branky<\/h2>\n\n\n\n<p>M\u00ed\u010d, kter\u00fd je vst\u0159elen do branky, plat\u00ed jako branka proti dru\u017estvu, kter\u00e9 tuto branku br\u00e1n\u00ed.&nbsp;<strong>M\u00ed\u010d kter\u00fd byl v brance, ale odraz\u00ed se zp\u00e1tky do hrac\u00edho pole, se jako branka po\u010d\u00edt\u00e1, pokud s t\u00edm souhlas\u00ed ob\u011b strany<\/strong>&nbsp;(dbejte smyslu fair play).&nbsp;<strong>Branka neplat\u00ed p\u0159i spadnut\u00ed m\u00ed\u010de do br\u00e1ny p\u0159i nakl\u00e1n\u011bn\u00ed stolu p\u0159i mrtv\u00e9m m\u00ed\u010di.<\/strong><\/p>\n\n\n\n<h2 class=\"wp-block-heading\"><a><\/a>10.&nbsp;Bodov\u00e1n\u00ed z\u00e1pasu<\/h2>\n\n\n\n<p><strong>Prohra:<\/strong>&nbsp;<strong>0 bod\u016f, rem\u00edza: 1bod, v\u00fdhra: 3 body<\/strong><\/p>\n\n\n\n<h2 class=\"wp-block-heading\">11. Rozptylov\u00e1n\u00ed<\/h2>\n\n\n\n<p><strong>Ka\u017ed\u00fd pohyb, ka\u017ed\u00fd hluk,kter\u00fd nen\u00ed zp\u016fsoben ty\u010d\u00ed,u kter\u00e9 se nach\u00e1z\u00ed m\u00ed\u010d, m\u016f\u017ee b\u00fdt hodnocen jako rozptylov\u00e1n\u00ed<\/strong>. Hovory u stolu mus\u00ed hr\u00e1\u010di omezit pouze na dorozum\u011bn\u00ed se uvnit\u0159 mu\u017estva. S v\u00fdjimkou \u010destn\u00fdch kompliment\u016f nejsou dovoleny \u017e\u00e1dn\u00e9 p\u0159\u00edm\u00e9 \u010di nep\u0159\u00edm\u00e9 koment\u00e1\u0159e v\u016f\u010di soupe\u0159i.&nbsp;<strong>Nen\u00ed dovoleno k\u0159i\u010det nebo odvracet pozornost soupe\u0159e ze hry. Poru\u0161en\u00ed t\u011bchto pravidel m\u016f\u017ee b\u00fdt d\u016fvodem pro technick\u00fd faul<\/strong>.<\/p>\n\n\n\n<h2 class=\"wp-block-heading\"><a><\/a>12. Technick\u00fd faul<\/h2>\n\n\n\n<p><strong>P\u0159i poru\u0161en\u00ed pravidel se ud\u011bluje technick\u00fd faul.&nbsp;Po&nbsp;t\u0159et\u00edm technick\u00e9m faulu v jedn\u00e9 h\u0159e nast\u00e1v\u00e1 ztr\u00e1ta cel\u00e9 hry, a to 3:0<\/strong>.<\/p>\n\n\n\n<hr class=\"wp-block-separator\"\/>\n\n\n\n<p><strong>5. 10. 2020 &#8211; Souhlas\u00edme s&nbsp;dodr\u017eov\u00e1n\u00edm v\u00fd\u0161e uveden\u00fdch pravidel:<\/strong><\/p>\n","protected":false},"excerpt":{"rendered":"<p>1. Zah\u00e1jen\u00ed hry P\u0159ed zah\u00e1jen\u00edm hry ob\u011b strany provedou los minc\u00ed.&nbsp;V\u00edt\u011bz losu m\u00e1&nbsp;pr\u00e1vo volby strany. Hra je zah\u00e1jena, je-li vhozen m\u00ed\u010d do hrac\u00edho pole.&nbsp;Strany se pak ji\u017e nest\u0159\u00eddaj\u00ed. 2. Hrac\u00ed doba Ka\u017ed\u00e1 hra se hraje na&nbsp;5 minut. 3. Pod\u00e1n\u00ed Pod\u00e1v\u00e1&nbsp;to dru\u017estvo na jeho\u017e stran\u011b je otvor pro vhozen\u00ed m\u00ed\u010de na hrac\u00ed st\u016fl a to po [&hellip;]<\/p>\n","protected":false},"author":1,"featured_media":354,"parent":0,"menu_order":0,"comment_status":"closed","ping_status":"closed","template":"","meta":{"footnotes":""},"class_list":["post-330","page","type-page","status-publish","has-post-thumbnail","hentry"],"jetpack-related-posts":[],"jetpack_sharing_enabled":true,"_links":{"self":[{"href":"https:\/\/zszelena42.eu\/foosball\/wp-json\/wp\/v2\/pages\/330","targetHints":{"allow":["GET"]}}],"collection":[{"href":"https:\/\/zszelena42.eu\/foosball\/wp-json\/wp\/v2\/pages"}],"about":[{"href":"https:\/\/zszelena42.eu\/foosball\/wp-json\/wp\/v2\/types\/page"}],"author":[{"embeddable":true,"href":"https:\/\/zszelena42.eu\/foosball\/wp-json\/wp\/v2\/users\/1"}],"replies":[{"embeddable":true,"href":"https:\/\/zszelena42.eu\/foosball\/wp-json\/wp\/v2\/comments?post=330"}],"version-history":[{"count":3,"href":"https:\/\/zszelena42.eu\/foosball\/wp-json\/wp\/v2\/pages\/330\/revisions"}],"predecessor-version":[{"id":356,"href":"https:\/\/zszelena42.eu\/foosball\/wp-json\/wp\/v2\/pages\/330\/revisions\/356"}],"wp:featuredmedia":[{"embeddable":true,"href":"https:\/\/zszelena42.eu\/foosball\/wp-json\/wp\/v2\/media\/354"}],"wp:attachment":[{"href":"https:\/\/zszelena42.eu\/foosball\/wp-json\/wp\/v2\/media?parent=330"}],"curies":[{"name":"wp","href":"https:\/\/api.w.org\/{rel}","templated":true}]}}