{"id":327,"date":"2021-09-30T20:56:08","date_gmt":"2021-09-30T20:56:08","guid":{"rendered":"https:\/\/zszelena42.eu\/foosball\/?page_id=327"},"modified":"2021-09-30T21:24:09","modified_gmt":"2021-09-30T21:24:09","slug":"clil","status":"publish","type":"page","link":"https:\/\/zszelena42.eu\/foosball\/clil\/","title":{"rendered":"CLIL"},"content":{"rendered":"\n<h2 class=\"wp-block-heading\">CLIL (Content and Language Integrated Learning)<\/h2>\n\n\n\n<p>Schedule of matches &#8211; rozpis, pl\u00e1n z\u00e1pas\u016f<\/p>\n\n\n\n<p>See schedule &#8211; pod\u00edvej se na pl\u00e1n (z\u00e1pas\u016f)<\/p>\n\n\n\n<p>Videos from matches &#8211; videa ze z\u00e1pas\u016f<\/p>\n\n\n\n<p>Played matches &#8211; odehran\u00e9 z\u00e1pasy<\/p>\n\n\n\n<p>Display from the first &#8211;&nbsp;Zobrazit od prvn\u00edho<\/p>\n\n\n\n<p>Display from the last &#8211;&nbsp;Zobrazit od posledn\u00edho<\/p>\n\n\n\n<p>Table &#8211; tabulka<\/p>\n\n\n\n<p><strong>Pl<\/strong>&nbsp;Played &#8211; odehr\u00e1no<\/p>\n\n\n\n<p><strong>Pts<\/strong>&nbsp;Points &#8211; body<\/p>\n\n\n\n<p><strong>SD<\/strong>&nbsp;Score Difference &#8211; rozd\u00edl sk\u00f3re<\/p>\n\n\n\n<p><strong>W<\/strong>&nbsp;Won &#8211; v\u00fdhry<\/p>\n\n\n\n<p><strong>D<\/strong>&nbsp;Drawn &#8211;&nbsp;nerozhodn\u00fd v\u00fdsledek<\/p>\n\n\n\n<p><strong>L<\/strong>&nbsp;Lost &#8211; prohra<\/p>\n\n\n\n<p><strong>SF<\/strong>&nbsp;Score For &#8211; kladn\u00e9 sk\u00f3re<\/p>\n\n\n\n<p><strong>SA<\/strong>&nbsp;Score Against &#8211; z\u00e1porn\u00e9 sk\u00f3re<\/p>\n","protected":false},"excerpt":{"rendered":"<p>CLIL (Content and Language Integrated Learning) Schedule of matches &#8211; rozpis, pl\u00e1n z\u00e1pas\u016f See schedule &#8211; pod\u00edvej se na pl\u00e1n (z\u00e1pas\u016f) Videos from matches &#8211; videa ze z\u00e1pas\u016f Played matches &#8211; odehran\u00e9 z\u00e1pasy Display from the first &#8211;&nbsp;Zobrazit od prvn\u00edho Display from the last &#8211;&nbsp;Zobrazit od posledn\u00edho Table &#8211; tabulka Pl&nbsp;Played &#8211; odehr\u00e1no Pts&nbsp;Points &#8211; [&hellip;]<\/p>\n","protected":false},"author":1,"featured_media":359,"parent":0,"menu_order":0,"comment_status":"closed","ping_status":"closed","template":"","meta":{"footnotes":""},"class_list":["post-327","page","type-page","status-publish","has-post-thumbnail","hentry"],"jetpack-related-posts":[],"jetpack_sharing_enabled":true,"_links":{"self":[{"href":"https:\/\/zszelena42.eu\/foosball\/wp-json\/wp\/v2\/pages\/327","targetHints":{"allow":["GET"]}}],"collection":[{"href":"https:\/\/zszelena42.eu\/foosball\/wp-json\/wp\/v2\/pages"}],"about":[{"href":"https:\/\/zszelena42.eu\/foosball\/wp-json\/wp\/v2\/types\/page"}],"author":[{"embeddable":true,"href":"https:\/\/zszelena42.eu\/foosball\/wp-json\/wp\/v2\/users\/1"}],"replies":[{"embeddable":true,"href":"https:\/\/zszelena42.eu\/foosball\/wp-json\/wp\/v2\/comments?post=327"}],"version-history":[{"count":2,"href":"https:\/\/zszelena42.eu\/foosball\/wp-json\/wp\/v2\/pages\/327\/revisions"}],"predecessor-version":[{"id":360,"href":"https:\/\/zszelena42.eu\/foosball\/wp-json\/wp\/v2\/pages\/327\/revisions\/360"}],"wp:featuredmedia":[{"embeddable":true,"href":"https:\/\/zszelena42.eu\/foosball\/wp-json\/wp\/v2\/media\/359"}],"wp:attachment":[{"href":"https:\/\/zszelena42.eu\/foosball\/wp-json\/wp\/v2\/media?parent=327"}],"curies":[{"name":"wp","href":"https:\/\/api.w.org\/{rel}","templated":true}]}}