{"id":9,"date":"2021-06-12T18:28:29","date_gmt":"2021-06-12T16:28:29","guid":{"rendered":"https:\/\/zszelena42.eu\/2021\/kontakt\/"},"modified":"2025-09-01T15:03:36","modified_gmt":"2025-09-01T14:03:36","slug":"kontakt","status":"publish","type":"page","link":"https:\/\/zszelena42.eu\/2021\/kontakt\/","title":{"rendered":"Kontakt"},"content":{"rendered":"\t\t<div data-elementor-type=\"wp-page\" data-elementor-id=\"9\" class=\"elementor elementor-9\">\n\t\t\t\t<div class=\"elementor-element elementor-element-d6fa7fa e-flex e-con-boxed e-con e-parent\" data-id=\"d6fa7fa\" data-element_type=\"container\" data-e-type=\"container\">\n\t\t\t\t\t<div class=\"e-con-inner\">\n\t\t<div class=\"elementor-element elementor-element-45c72a0 e-con-full e-flex e-con e-child\" data-id=\"45c72a0\" data-element_type=\"container\" data-e-type=\"container\">\n\t\t\t\t<div class=\"elementor-element elementor-element-f6b968c elementor-widget elementor-widget-google_maps\" data-id=\"f6b968c\" data-element_type=\"widget\" data-e-type=\"widget\" data-widget_type=\"google_maps.default\">\n\t\t\t\t<div class=\"elementor-widget-container\">\n\t\t\t\t\t\t\t<div class=\"elementor-custom-embed\">\n\t\t\t<iframe loading=\"lazy\"\n\t\t\t\t\tsrc=\"https:\/\/maps.google.com\/maps?q=Zelen%C3%A1%201406%2F42%2C%20Ostrava&#038;t=m&#038;z=16&#038;output=embed&#038;iwloc=near\"\n\t\t\t\t\ttitle=\"Zelen\u00e1 1406\/42, Ostrava\"\n\t\t\t\t\taria-label=\"Zelen\u00e1 1406\/42, Ostrava\"\n\t\t\t><\/iframe>\n\t\t<\/div>\n\t\t\t\t\t\t<\/div>\n\t\t\t\t<\/div>\n\t\t\t\t<\/div>\n\t\t<div class=\"elementor-element elementor-element-03f6bb2 e-con-full e-flex e-con e-child\" data-id=\"03f6bb2\" data-element_type=\"container\" data-e-type=\"container\">\n\t\t\t\t<div class=\"elementor-element elementor-element-e5b2b23 elementor-widget elementor-widget-text-editor\" data-id=\"e5b2b23\" data-element_type=\"widget\" data-e-type=\"widget\" data-widget_type=\"text-editor.default\">\n\t\t\t\t<div class=\"elementor-widget-container\">\n\t\t\t\t\t\t\t\t\t<p><strong>ADRESA<\/strong><\/p>\n<p>Z\u00e1kladn\u00ed \u0161kola Ostrava, Zelen\u00e1 42, p\u0159\u00edsp\u011bvkov\u00e1 organizace, Zelen\u00e1 1406\/42, Moravsk\u00e1 Ostrava a P\u0159\u00edvoz, 70200<\/p>\n<p><strong>\u00da\u0158EDN\u00cd HODINY<\/strong><\/p>\n<p>sekretari\u00e1t<br \/>Po-St\u0159 7:00 \u2013 15:00,<br \/>\u010ct 7:00 \u2013 17:00<br \/>P\u00e1 7:00 \u2013 13:00<br \/><strong>konzulta\u010dn\u00ed hodiny pedagog\u016f<\/strong><br \/>\u010ct 14:30-15:30<\/p>\n<p><strong>SPOJEN\u00cd<\/strong><\/p>\n<p>+420 596633962<br \/>zs.zelena@volny.cz<br \/>jmeno.prijmeni@zszelena42.cz<\/p>\n<p>DATOV\u00c1 SCHR\u00c1NKA y9jmqs7<\/p>\t\t\t\t\t\t\t\t<\/div>\n\t\t\t\t<\/div>\n\t\t\t\t<\/div>\n\t\t\t\t\t<\/div>\n\t\t\t\t<\/div>\n\t\t\t\t<\/div>\n\t\t","protected":false},"excerpt":{"rendered":"<p>ADRESA Z\u00e1kladn\u00ed \u0161kola Ostrava, Zelen\u00e1 42, p\u0159\u00edsp\u011bvkov\u00e1 organizace, Zelen\u00e1 1406\/42, Moravsk\u00e1 Ostrava a P\u0159\u00edvoz, 70200 \u00da\u0158EDN\u00cd HODINY sekretari\u00e1tPo-St\u0159 7:00 \u2013 15:00,\u010ct 7:00 \u2013 17:00P\u00e1 7:00 \u2013 13:00konzulta\u010dn\u00ed hodiny pedagog\u016f\u010ct 14:30-15:30 SPOJEN\u00cd +420 596633962zs.zelena@volny.czjmeno.prijmeni@zszelena42.cz DATOV\u00c1 SCHR\u00c1NKA y9jmqs7<\/p>\n","protected":false},"author":1,"featured_media":0,"parent":0,"menu_order":0,"comment_status":"closed","ping_status":"closed","template":"","meta":{"neve_meta_sidebar":"","neve_meta_container":"","neve_meta_enable_content_width":"","neve_meta_content_width":0,"neve_meta_title_alignment":"","neve_meta_author_avatar":"","neve_post_elements_order":"","neve_meta_disable_header":"","neve_meta_disable_footer":"","neve_meta_disable_title":"","footnotes":""},"class_list":["post-9","page","type-page","status-publish","hentry"],"_links":{"self":[{"href":"https:\/\/zszelena42.eu\/2021\/wp-json\/wp\/v2\/pages\/9","targetHints":{"allow":["GET"]}}],"collection":[{"href":"https:\/\/zszelena42.eu\/2021\/wp-json\/wp\/v2\/pages"}],"about":[{"href":"https:\/\/zszelena42.eu\/2021\/wp-json\/wp\/v2\/types\/page"}],"author":[{"embeddable":true,"href":"https:\/\/zszelena42.eu\/2021\/wp-json\/wp\/v2\/users\/1"}],"replies":[{"embeddable":true,"href":"https:\/\/zszelena42.eu\/2021\/wp-json\/wp\/v2\/comments?post=9"}],"version-history":[{"count":19,"href":"https:\/\/zszelena42.eu\/2021\/wp-json\/wp\/v2\/pages\/9\/revisions"}],"predecessor-version":[{"id":40492,"href":"https:\/\/zszelena42.eu\/2021\/wp-json\/wp\/v2\/pages\/9\/revisions\/40492"}],"wp:attachment":[{"href":"https:\/\/zszelena42.eu\/2021\/wp-json\/wp\/v2\/media?parent=9"}],"curies":[{"name":"wp","href":"https:\/\/api.w.org\/{rel}","templated":true}]}}