{"id":30619,"date":"2024-05-01T21:12:17","date_gmt":"2024-05-01T20:12:17","guid":{"rendered":"https:\/\/zszelena42.eu\/2021\/?page_id=30619"},"modified":"2024-06-24T12:31:45","modified_gmt":"2024-06-24T11:31:45","slug":"elementor-30619","status":"publish","type":"page","link":"https:\/\/zszelena42.eu\/2021\/elementor-30619\/","title":{"rendered":"RAP"},"content":{"rendered":"\t\t<div data-elementor-type=\"wp-page\" data-elementor-id=\"30619\" class=\"elementor elementor-30619\">\n\t\t\t\t<div class=\"elementor-element elementor-element-ccb6876 e-flex e-con-boxed e-con e-parent\" data-id=\"ccb6876\" data-element_type=\"container\" data-e-type=\"container\">\n\t\t\t\t\t<div class=\"e-con-inner\">\n\t\t\t\t<div class=\"elementor-element elementor-element-eadb38d elementor-widget elementor-widget-heading\" data-id=\"eadb38d\" data-element_type=\"widget\" data-e-type=\"widget\" data-widget_type=\"heading.default\">\n\t\t\t\t<div class=\"elementor-widget-container\">\n\t\t\t\t\t<h2 class=\"elementor-heading-title elementor-size-default\">rap@zszelena42.cz<\/h2>\t\t\t\t<\/div>\n\t\t\t\t<\/div>\n\t\t\t\t\t<\/div>\n\t\t\t\t<\/div>\n\t\t<div class=\"elementor-element elementor-element-144bd6d e-flex e-con-boxed e-con e-parent\" data-id=\"144bd6d\" data-element_type=\"container\" data-e-type=\"container\">\n\t\t\t\t\t<div class=\"e-con-inner\">\n\t\t\t\t<div class=\"elementor-element elementor-element-0f4ea33 elementor-widget elementor-widget-image-gallery\" data-id=\"0f4ea33\" data-element_type=\"widget\" data-e-type=\"widget\" data-widget_type=\"image-gallery.default\">\n\t\t\t\t<div class=\"elementor-widget-container\">\n\t\t\t\t\t\t\t<div class=\"elementor-image-gallery\">\n\t\t\t<div id='gallery-1' class='gallery galleryid-30619 gallery-columns-5 gallery-size-profile_300'><figure class='gallery-item'>\n\t\t\t<div class='gallery-icon landscape'>\n\t\t\t\t<a data-elementor-open-lightbox=\"yes\" data-elementor-lightbox-slideshow=\"0f4ea33\" data-elementor-lightbox-title=\"gratulace\" data-e-action-hash=\"#elementor-action%3Aaction%3Dlightbox%26settings%3DeyJpZCI6MzI1MDQsInVybCI6Imh0dHBzOlwvXC96c3plbGVuYTQyLmV1XC8yMDIxXC93cC1jb250ZW50XC91cGxvYWRzXC8yMDI0XC8wNlwvZ3JhdHVsYWNlLmpwZyIsInNsaWRlc2hvdyI6IjBmNGVhMzMifQ%3D%3D\" href='https:\/\/zszelena42.eu\/2021\/wp-content\/uploads\/2024\/06\/gratulace.jpg'><img fetchpriority=\"high\" decoding=\"async\" width=\"300\" height=\"300\" src=\"https:\/\/zszelena42.eu\/2021\/wp-content\/uploads\/2024\/06\/gratulace-300x300.jpg\" class=\"attachment-profile_300 size-profile_300\" alt=\"\" srcset=\"https:\/\/zszelena42.eu\/2021\/wp-content\/uploads\/2024\/06\/gratulace-300x300.jpg 300w, https:\/\/zszelena42.eu\/2021\/wp-content\/uploads\/2024\/06\/gratulace-24x24.jpg 24w, https:\/\/zszelena42.eu\/2021\/wp-content\/uploads\/2024\/06\/gratulace-48x48.jpg 48w, https:\/\/zszelena42.eu\/2021\/wp-content\/uploads\/2024\/06\/gratulace-96x96.jpg 96w, https:\/\/zszelena42.eu\/2021\/wp-content\/uploads\/2024\/06\/gratulace-150x150.jpg 150w\" sizes=\"(max-width: 300px) 100vw, 300px\" \/><\/a>\n\t\t\t<\/div><\/figure><figure class='gallery-item'>\n\t\t\t<div class='gallery-icon landscape'>\n\t\t\t\t<a data-elementor-open-lightbox=\"yes\" data-elementor-lightbox-slideshow=\"0f4ea33\" data-elementor-lightbox-title=\"po\u0159adatelky\" data-e-action-hash=\"#elementor-action%3Aaction%3Dlightbox%26settings%3DeyJpZCI6MzI1MDUsInVybCI6Imh0dHBzOlwvXC96c3plbGVuYTQyLmV1XC8yMDIxXC93cC1jb250ZW50XC91cGxvYWRzXC8yMDI0XC8wNlwvcG9yYWRhdGVsa3kuanBnIiwic2xpZGVzaG93IjoiMGY0ZWEzMyJ9\" href='https:\/\/zszelena42.eu\/2021\/wp-content\/uploads\/2024\/06\/poradatelky.jpg'><img decoding=\"async\" width=\"300\" height=\"300\" src=\"https:\/\/zszelena42.eu\/2021\/wp-content\/uploads\/2024\/06\/poradatelky-300x300.jpg\" class=\"attachment-profile_300 size-profile_300\" alt=\"\" srcset=\"https:\/\/zszelena42.eu\/2021\/wp-content\/uploads\/2024\/06\/poradatelky-300x300.jpg 300w, https:\/\/zszelena42.eu\/2021\/wp-content\/uploads\/2024\/06\/poradatelky-24x24.jpg 24w, https:\/\/zszelena42.eu\/2021\/wp-content\/uploads\/2024\/06\/poradatelky-48x48.jpg 48w, https:\/\/zszelena42.eu\/2021\/wp-content\/uploads\/2024\/06\/poradatelky-96x96.jpg 96w, https:\/\/zszelena42.eu\/2021\/wp-content\/uploads\/2024\/06\/poradatelky-150x150.jpg 150w\" sizes=\"(max-width: 300px) 100vw, 300px\" \/><\/a>\n\t\t\t<\/div><\/figure><figure class='gallery-item'>\n\t\t\t<div class='gallery-icon landscape'>\n\t\t\t\t<a data-elementor-open-lightbox=\"yes\" data-elementor-lightbox-slideshow=\"0f4ea33\" data-elementor-lightbox-title=\"p\u0159ed\u00e1n\u00ed hlavn\u00ed ceny\" data-e-action-hash=\"#elementor-action%3Aaction%3Dlightbox%26settings%3DeyJpZCI6MzI1MDYsInVybCI6Imh0dHBzOlwvXC96c3plbGVuYTQyLmV1XC8yMDIxXC93cC1jb250ZW50XC91cGxvYWRzXC8yMDI0XC8wNlwvcHJlZGFuaS1obGF2bmktY2VueS5qcGciLCJzbGlkZXNob3ciOiIwZjRlYTMzIn0%3D\" href='https:\/\/zszelena42.eu\/2021\/wp-content\/uploads\/2024\/06\/predani-hlavni-ceny.jpg'><img decoding=\"async\" width=\"300\" height=\"300\" src=\"https:\/\/zszelena42.eu\/2021\/wp-content\/uploads\/2024\/06\/predani-hlavni-ceny-300x300.jpg\" class=\"attachment-profile_300 size-profile_300\" alt=\"\" srcset=\"https:\/\/zszelena42.eu\/2021\/wp-content\/uploads\/2024\/06\/predani-hlavni-ceny-300x300.jpg 300w, https:\/\/zszelena42.eu\/2021\/wp-content\/uploads\/2024\/06\/predani-hlavni-ceny-24x24.jpg 24w, https:\/\/zszelena42.eu\/2021\/wp-content\/uploads\/2024\/06\/predani-hlavni-ceny-48x48.jpg 48w, https:\/\/zszelena42.eu\/2021\/wp-content\/uploads\/2024\/06\/predani-hlavni-ceny-96x96.jpg 96w, https:\/\/zszelena42.eu\/2021\/wp-content\/uploads\/2024\/06\/predani-hlavni-ceny-150x150.jpg 150w\" sizes=\"(max-width: 300px) 100vw, 300px\" \/><\/a>\n\t\t\t<\/div><\/figure><figure class='gallery-item'>\n\t\t\t<div class='gallery-icon landscape'>\n\t\t\t\t<a data-elementor-open-lightbox=\"yes\" data-elementor-lightbox-slideshow=\"0f4ea33\" data-elementor-lightbox-title=\"sladk\u00e1 RAPPersk\u00e1 v\u00fdhra\" data-e-action-hash=\"#elementor-action%3Aaction%3Dlightbox%26settings%3DeyJpZCI6MzI1MDcsInVybCI6Imh0dHBzOlwvXC96c3plbGVuYTQyLmV1XC8yMDIxXC93cC1jb250ZW50XC91cGxvYWRzXC8yMDI0XC8wNlwvc2xhZGthLVJBUFBlcnNrYS12eWhyYS5qcGciLCJzbGlkZXNob3ciOiIwZjRlYTMzIn0%3D\" href='https:\/\/zszelena42.eu\/2021\/wp-content\/uploads\/2024\/06\/sladka-RAPPerska-vyhra.jpg'><img loading=\"lazy\" decoding=\"async\" width=\"300\" height=\"300\" src=\"https:\/\/zszelena42.eu\/2021\/wp-content\/uploads\/2024\/06\/sladka-RAPPerska-vyhra-300x300.jpg\" class=\"attachment-profile_300 size-profile_300\" alt=\"\" srcset=\"https:\/\/zszelena42.eu\/2021\/wp-content\/uploads\/2024\/06\/sladka-RAPPerska-vyhra-300x300.jpg 300w, https:\/\/zszelena42.eu\/2021\/wp-content\/uploads\/2024\/06\/sladka-RAPPerska-vyhra-24x24.jpg 24w, https:\/\/zszelena42.eu\/2021\/wp-content\/uploads\/2024\/06\/sladka-RAPPerska-vyhra-48x48.jpg 48w, https:\/\/zszelena42.eu\/2021\/wp-content\/uploads\/2024\/06\/sladka-RAPPerska-vyhra-96x96.jpg 96w, https:\/\/zszelena42.eu\/2021\/wp-content\/uploads\/2024\/06\/sladka-RAPPerska-vyhra-150x150.jpg 150w\" sizes=\"(max-width: 300px) 100vw, 300px\" \/><\/a>\n\t\t\t<\/div><\/figure><figure class='gallery-item'>\n\t\t\t<div class='gallery-icon landscape'>\n\t\t\t\t<a data-elementor-open-lightbox=\"yes\" data-elementor-lightbox-slideshow=\"0f4ea33\" data-elementor-lightbox-title=\"TOP RAPPerky na Zelen\u00e9\" data-e-action-hash=\"#elementor-action%3Aaction%3Dlightbox%26settings%3DeyJpZCI6MzI1MDgsInVybCI6Imh0dHBzOlwvXC96c3plbGVuYTQyLmV1XC8yMDIxXC93cC1jb250ZW50XC91cGxvYWRzXC8yMDI0XC8wNlwvVE9QLVJBUFBlcmt5LW5hLVplbGVuZS5qcGciLCJzbGlkZXNob3ciOiIwZjRlYTMzIn0%3D\" href='https:\/\/zszelena42.eu\/2021\/wp-content\/uploads\/2024\/06\/TOP-RAPPerky-na-Zelene.jpg'><img loading=\"lazy\" decoding=\"async\" width=\"300\" height=\"300\" src=\"https:\/\/zszelena42.eu\/2021\/wp-content\/uploads\/2024\/06\/TOP-RAPPerky-na-Zelene-300x300.jpg\" class=\"attachment-profile_300 size-profile_300\" alt=\"\" srcset=\"https:\/\/zszelena42.eu\/2021\/wp-content\/uploads\/2024\/06\/TOP-RAPPerky-na-Zelene-300x300.jpg 300w, https:\/\/zszelena42.eu\/2021\/wp-content\/uploads\/2024\/06\/TOP-RAPPerky-na-Zelene-24x24.jpg 24w, https:\/\/zszelena42.eu\/2021\/wp-content\/uploads\/2024\/06\/TOP-RAPPerky-na-Zelene-48x48.jpg 48w, https:\/\/zszelena42.eu\/2021\/wp-content\/uploads\/2024\/06\/TOP-RAPPerky-na-Zelene-96x96.jpg 96w, https:\/\/zszelena42.eu\/2021\/wp-content\/uploads\/2024\/06\/TOP-RAPPerky-na-Zelene-150x150.jpg 150w\" sizes=\"(max-width: 300px) 100vw, 300px\" \/><\/a>\n\t\t\t<\/div><\/figure>\n\t\t<\/div>\n\t\t<\/div>\n\t\t\t\t\t\t<\/div>\n\t\t\t\t<\/div>\n\t\t\t\t\t<\/div>\n\t\t\t\t<\/div>\n\t\t<div class=\"elementor-element elementor-element-ef325fc e-flex e-con-boxed e-con e-parent\" data-id=\"ef325fc\" data-element_type=\"container\" data-e-type=\"container\">\n\t\t\t\t\t<div class=\"e-con-inner\">\n\t\t\t\t<div class=\"elementor-element elementor-element-7f06c24 elementor-widget elementor-widget-heading\" data-id=\"7f06c24\" data-element_type=\"widget\" data-e-type=\"widget\" data-widget_type=\"heading.default\">\n\t\t\t\t<div class=\"elementor-widget-container\">\n\t\t\t\t\t<h1 class=\"elementor-heading-title elementor-size-default\">va\u0161e projekty<\/h1>\t\t\t\t<\/div>\n\t\t\t\t<\/div>\n\t\t\t\t\t<\/div>\n\t\t\t\t<\/div>\n\t\t<div class=\"elementor-element elementor-element-2cb419d e-con-full e-flex e-con e-parent\" data-id=\"2cb419d\" data-element_type=\"container\" data-e-type=\"container\">\n\t\t\t\t<div class=\"elementor-element elementor-element-9bfd0ef elementor-widget elementor-widget-premium-addon-person\" data-id=\"9bfd0ef\" data-element_type=\"widget\" data-e-type=\"widget\" data-settings=\"{&quot;persons_per_row&quot;:&quot;33.33%&quot;,&quot;persons_per_row_tablet&quot;:&quot;100%&quot;,&quot;persons_per_row_mobile&quot;:&quot;100%&quot;}\" data-widget_type=\"premium-addon-person.default\">\n\t\t\t\t<div class=\"elementor-widget-container\">\n\t\t\t\t\t\t\t<div class=\"premium-persons-container premium-person-style1 multiple-persons\" data-persons-equal=\"\">\n\t\t\t\t\t\t\t\t<div class=\"premium-person-container premium-person-zoomin-effect\">\n\t\t\t\t\t\t<div class=\"premium-person-image-container\">\n\t\t\t\t\t\t<img loading=\"lazy\" decoding=\"async\" width=\"1080\" height=\"1080\" src=\"https:\/\/zszelena42.eu\/2021\/wp-content\/uploads\/2024\/06\/Navrh-bez-nazvu-2.jpg\" class=\"attachment-full size-full wp-image-32227\" alt=\"\" srcset=\"https:\/\/zszelena42.eu\/2021\/wp-content\/uploads\/2024\/06\/Navrh-bez-nazvu-2.jpg 1080w, https:\/\/zszelena42.eu\/2021\/wp-content\/uploads\/2024\/06\/Navrh-bez-nazvu-2-300x300.jpg 300w, https:\/\/zszelena42.eu\/2021\/wp-content\/uploads\/2024\/06\/Navrh-bez-nazvu-2-1024x1024.jpg 1024w, https:\/\/zszelena42.eu\/2021\/wp-content\/uploads\/2024\/06\/Navrh-bez-nazvu-2-150x150.jpg 150w, https:\/\/zszelena42.eu\/2021\/wp-content\/uploads\/2024\/06\/Navrh-bez-nazvu-2-768x768.jpg 768w, https:\/\/zszelena42.eu\/2021\/wp-content\/uploads\/2024\/06\/Navrh-bez-nazvu-2-24x24.jpg 24w, https:\/\/zszelena42.eu\/2021\/wp-content\/uploads\/2024\/06\/Navrh-bez-nazvu-2-48x48.jpg 48w, https:\/\/zszelena42.eu\/2021\/wp-content\/uploads\/2024\/06\/Navrh-bez-nazvu-2-96x96.jpg 96w\" sizes=\"(max-width: 1080px) 100vw, 1080px\" \/>\t\t\t\t\t\t\t\t\t\t\t\t\t<\/div>\n\t\t\t\t\t\t<div class=\"premium-person-info\">\n\t\t\t\t\t\t\t\t\t\t<div class=\"premium-person-info-container\">\n\t\t\t\t\t\t\t\t\t<h2 class=\"premium-person-name\">Skladba: J\u00e1 u\u010ditelka<\/h2>\n\t\t\t\t\t\t\t\t\t\t\t<h4 class=\"premium-person-title\">\n\t\t\t\t\t\t\t<span>Auto\u0159i: RAPPE\u0158I Z 6.A<\/span>\n\t\t\t\t\t\t<\/h4>\n\t\t\t\t\t\t\t\t\t\t\t<div class=\"premium-person-content\">\n\t\t\t\t\t\t\t<p><div style=\"width: 848px;\" class=\"wp-video\"><video class=\"wp-video-shortcode\" id=\"video-30619-1\" width=\"848\" height=\"478\" preload=\"metadata\" controls=\"controls\"><source type=\"video\/mp4\" src=\"https:\/\/zszelena42.eu\/2021\/wp-content\/uploads\/2024\/06\/VID-20240605-WA0006.mp4?_=1\" \/><a href=\"https:\/\/zszelena42.eu\/2021\/wp-content\/uploads\/2024\/06\/VID-20240605-WA0006.mp4\">https:\/\/zszelena42.eu\/2021\/wp-content\/uploads\/2024\/06\/VID-20240605-WA0006.mp4<\/a><\/video><\/div><\/p>\t\t\t\t\t\t<\/div>\n\t\t\t\t\t\t\t\t<\/div>\n\t\t\t\t\t\t\t\t\t<\/div>\n\t\t\t\t\t<\/div>\n\t\t\t\t\t\t\t\t\t\t<div class=\"premium-person-container premium-person-zoomin-effect\">\n\t\t\t\t\t\t<div class=\"premium-person-image-container\">\n\t\t\t\t\t\t<img loading=\"lazy\" decoding=\"async\" width=\"1080\" height=\"1080\" src=\"https:\/\/zszelena42.eu\/2021\/wp-content\/uploads\/2024\/06\/Navrh-bez-nazvu-1.jpg\" class=\"attachment-full size-full wp-image-32223\" alt=\"\" srcset=\"https:\/\/zszelena42.eu\/2021\/wp-content\/uploads\/2024\/06\/Navrh-bez-nazvu-1.jpg 1080w, https:\/\/zszelena42.eu\/2021\/wp-content\/uploads\/2024\/06\/Navrh-bez-nazvu-1-300x300.jpg 300w, https:\/\/zszelena42.eu\/2021\/wp-content\/uploads\/2024\/06\/Navrh-bez-nazvu-1-1024x1024.jpg 1024w, https:\/\/zszelena42.eu\/2021\/wp-content\/uploads\/2024\/06\/Navrh-bez-nazvu-1-150x150.jpg 150w, https:\/\/zszelena42.eu\/2021\/wp-content\/uploads\/2024\/06\/Navrh-bez-nazvu-1-768x768.jpg 768w, https:\/\/zszelena42.eu\/2021\/wp-content\/uploads\/2024\/06\/Navrh-bez-nazvu-1-24x24.jpg 24w, https:\/\/zszelena42.eu\/2021\/wp-content\/uploads\/2024\/06\/Navrh-bez-nazvu-1-48x48.jpg 48w, https:\/\/zszelena42.eu\/2021\/wp-content\/uploads\/2024\/06\/Navrh-bez-nazvu-1-96x96.jpg 96w\" sizes=\"(max-width: 1080px) 100vw, 1080px\" \/>\t\t\t\t\t\t\t\t\t\t\t\t\t<\/div>\n\t\t\t\t\t\t<div class=\"premium-person-info\">\n\t\t\t\t\t\t\t\t\t\t<div class=\"premium-person-info-container\">\n\t\t\t\t\t\t\t\t\t<h2 class=\"premium-person-name\">Skladba:J\u00e1 u\u010ditelka<\/h2>\n\t\t\t\t\t\t\t\t\t\t\t<h4 class=\"premium-person-title\">\n\t\t\t\t\t\t\t<span>Auto\u0159i: RAPPE\u0158I Z 6:B<\/span>\n\t\t\t\t\t\t<\/h4>\n\t\t\t\t\t\t\t\t\t\t\t<div class=\"premium-person-content\">\n\t\t\t\t\t\t\t<p><div style=\"width: 640px;\" class=\"wp-video\"><video class=\"wp-video-shortcode\" id=\"video-30619-2\" width=\"640\" height=\"480\" preload=\"metadata\" controls=\"controls\"><source type=\"video\/webm\" src=\"https:\/\/zszelena42.eu\/2021\/wp-content\/uploads\/2024\/06\/IMG_3289-smallmpc.webm?_=2\" \/><a href=\"https:\/\/zszelena42.eu\/2021\/wp-content\/uploads\/2024\/06\/IMG_3289-smallmpc.webm\">https:\/\/zszelena42.eu\/2021\/wp-content\/uploads\/2024\/06\/IMG_3289-smallmpc.webm<\/a><\/video><\/div><\/p>\t\t\t\t\t\t<\/div>\n\t\t\t\t\t\t\t\t<\/div>\n\t\t\t\t\t\t\t\t\t<\/div>\n\t\t\t\t\t<\/div>\n\t\t\t\t\t\t\t\t\t\t<div class=\"premium-person-container premium-person-zoomin-effect\">\n\t\t\t\t\t\t<div class=\"premium-person-image-container\">\n\t\t\t\t\t\t<img loading=\"lazy\" decoding=\"async\" width=\"1080\" height=\"1080\" src=\"https:\/\/zszelena42.eu\/2021\/wp-content\/uploads\/2024\/06\/Navrh-bez-nazvu.jpg\" class=\"attachment-full size-full wp-image-32221\" alt=\"\" srcset=\"https:\/\/zszelena42.eu\/2021\/wp-content\/uploads\/2024\/06\/Navrh-bez-nazvu.jpg 1080w, https:\/\/zszelena42.eu\/2021\/wp-content\/uploads\/2024\/06\/Navrh-bez-nazvu-300x300.jpg 300w, https:\/\/zszelena42.eu\/2021\/wp-content\/uploads\/2024\/06\/Navrh-bez-nazvu-1024x1024.jpg 1024w, https:\/\/zszelena42.eu\/2021\/wp-content\/uploads\/2024\/06\/Navrh-bez-nazvu-150x150.jpg 150w, https:\/\/zszelena42.eu\/2021\/wp-content\/uploads\/2024\/06\/Navrh-bez-nazvu-768x768.jpg 768w, https:\/\/zszelena42.eu\/2021\/wp-content\/uploads\/2024\/06\/Navrh-bez-nazvu-24x24.jpg 24w, https:\/\/zszelena42.eu\/2021\/wp-content\/uploads\/2024\/06\/Navrh-bez-nazvu-48x48.jpg 48w, https:\/\/zszelena42.eu\/2021\/wp-content\/uploads\/2024\/06\/Navrh-bez-nazvu-96x96.jpg 96w\" sizes=\"(max-width: 1080px) 100vw, 1080px\" \/>\t\t\t\t\t\t\t\t\t\t\t\t\t<\/div>\n\t\t\t\t\t\t<div class=\"premium-person-info\">\n\t\t\t\t\t\t\t\t\t\t<div class=\"premium-person-info-container\">\n\t\t\t\t\t\t\t\t\t<h2 class=\"premium-person-name\">Skladba: RAINBOW GIRLS<\/h2>\n\t\t\t\t\t\t\t\t\t\t\t<h4 class=\"premium-person-title\">\n\t\t\t\t\t\t\t<span>Auto\u0159i: RAPPERKY Z 3.A<\/span>\n\t\t\t\t\t\t<\/h4>\n\t\t\t\t\t\t\t\t\t\t\t<div class=\"premium-person-content\">\n\t\t\t\t\t\t\t<p>&#8230;<\/p><p><div style=\"width: 848px;\" class=\"wp-video\"><video class=\"wp-video-shortcode\" id=\"video-30619-3\" width=\"848\" height=\"480\" preload=\"metadata\" controls=\"controls\"><source type=\"video\/mp4\" src=\"https:\/\/zszelena42.eu\/2021\/wp-content\/uploads\/2024\/06\/3a.mp4?_=3\" \/><a href=\"https:\/\/zszelena42.eu\/2021\/wp-content\/uploads\/2024\/06\/3a.mp4\">https:\/\/zszelena42.eu\/2021\/wp-content\/uploads\/2024\/06\/3a.mp4<\/a><\/video><\/div><\/p>\t\t\t\t\t\t<\/div>\n\t\t\t\t\t\t\t\t<\/div>\n\t\t\t\t\t\t\t\t\t<\/div>\n\t\t\t\t\t<\/div>\n\t\t\t\t\t\t\t<\/div>\n\t\t\t\t\t\t<\/div>\n\t\t\t\t<\/div>\n\t\t\t\t<\/div>\n\t\t<div class=\"elementor-element elementor-element-52b84e0 e-flex e-con-boxed e-con e-parent\" data-id=\"52b84e0\" data-element_type=\"container\" data-e-type=\"container\">\n\t\t\t\t\t<div class=\"e-con-inner\">\n\t\t\t\t\t<\/div>\n\t\t\t\t<\/div>\n\t\t<div class=\"elementor-element elementor-element-460e149 e-grid e-con-full e-con e-parent\" data-id=\"460e149\" data-element_type=\"container\" data-e-type=\"container\">\n\t\t\t\t<div class=\"elementor-element elementor-element-cbf9ea0 elementor-widget elementor-widget-video\" data-id=\"cbf9ea0\" data-element_type=\"widget\" data-e-type=\"widget\" data-settings=\"{&quot;youtube_url&quot;:&quot;https:\\\/\\\/youtu.be\\\/IH2OL-BZoDk?si=XP7OybXyyYKQcxyQ&quot;,&quot;video_type&quot;:&quot;youtube&quot;,&quot;controls&quot;:&quot;yes&quot;}\" data-widget_type=\"video.default\">\n\t\t\t\t<div class=\"elementor-widget-container\">\n\t\t\t\t\t\t\t<div class=\"elementor-wrapper elementor-open-inline\">\n\t\t\t<div class=\"elementor-video\"><\/div>\t\t<\/div>\n\t\t\t\t\t\t<\/div>\n\t\t\t\t<\/div>\n\t\t\t\t<div class=\"elementor-element elementor-element-1dd2196 elementor-widget elementor-widget-video\" data-id=\"1dd2196\" data-element_type=\"widget\" data-e-type=\"widget\" data-settings=\"{&quot;youtube_url&quot;:&quot;https:\\\/\\\/youtu.be\\\/oWfQMMIp8NM?si=cIM9loyFJR0sSm3L&quot;,&quot;video_type&quot;:&quot;youtube&quot;,&quot;controls&quot;:&quot;yes&quot;}\" data-widget_type=\"video.default\">\n\t\t\t\t<div class=\"elementor-widget-container\">\n\t\t\t\t\t\t\t<div class=\"elementor-wrapper elementor-open-inline\">\n\t\t\t<div class=\"elementor-video\"><\/div>\t\t<\/div>\n\t\t\t\t\t\t<\/div>\n\t\t\t\t<\/div>\n\t\t\t\t<div class=\"elementor-element elementor-element-bb944d5 elementor-widget elementor-widget-text-editor\" data-id=\"bb944d5\" data-element_type=\"widget\" data-e-type=\"widget\" data-widget_type=\"text-editor.default\">\n\t\t\t\t<div class=\"elementor-widget-container\">\n\t\t\t\t\t\t\t\t\t<p>Prvn\u00edm hudebn\u00edkem, kter\u00fd v tehdej\u0161\u00edm \u010ceskoslovensku pou\u017eil rap jako v\u00fdrazov\u00fd prost\u0159edek, byl Les\u00edk Hajdovsk\u00fd s kapelou Man\u017eel\u00e9, kte\u0159\u00ed v\u00a0roce <strong>1984<\/strong>\u00a0vydali album Kamufl\u00e1\u017e. Na n\u011bm asi nejzn\u00e1m\u011bj\u0161\u00ed skladba <strong>Ji\u017e\u00e1k<\/strong> ve\u0161la v \u0161ir\u0161\u00ed zn\u00e1most v polovin\u011b 90.<\/p>\t\t\t\t\t\t\t\t<\/div>\n\t\t\t\t<\/div>\n\t\t\t\t<div class=\"elementor-element elementor-element-cbb3bbb elementor-widget elementor-widget-text-editor\" data-id=\"cbb3bbb\" data-element_type=\"widget\" data-e-type=\"widget\" data-widget_type=\"text-editor.default\">\n\t\t\t\t<div class=\"elementor-widget-container\">\n\t\t\t\t\t\t\t\t\t<p>Kdy to v\u0161echno za\u010dalo\u2026\u2026Stalo se tomu tak v neklidn\u00fdch ulic\u00edch newyorsk\u00e9ho Bronxu. Ze dvou gramofon\u016f a zesilova\u010de za\u010dal hr\u00e1t na pouli\u010dn\u00edch hudebn\u00edch akc\u00edch a \u0159\u00edkat si\u00a0<strong>DJ Kool Herc<\/strong><\/p>\t\t\t\t\t\t\t\t<\/div>\n\t\t\t\t<\/div>\n\t\t\t\t<\/div>\n\t\t<div class=\"elementor-element elementor-element-2b56b7a e-grid e-con-boxed e-con e-parent\" data-id=\"2b56b7a\" data-element_type=\"container\" data-e-type=\"container\">\n\t\t\t\t\t<div class=\"e-con-inner\">\n\t\t\t\t<div class=\"elementor-element elementor-element-44bcebd elementor-widget elementor-widget-video\" data-id=\"44bcebd\" data-element_type=\"widget\" data-e-type=\"widget\" data-settings=\"{&quot;youtube_url&quot;:&quot;https:\\\/\\\/youtu.be\\\/gPgoQ2FwUz4?si=EAOnP_FIlyZOfUne&quot;,&quot;video_type&quot;:&quot;youtube&quot;,&quot;controls&quot;:&quot;yes&quot;}\" data-widget_type=\"video.default\">\n\t\t\t\t<div class=\"elementor-widget-container\">\n\t\t\t\t\t\t\t<div class=\"elementor-wrapper elementor-open-inline\">\n\t\t\t<div class=\"elementor-video\"><\/div>\t\t<\/div>\n\t\t\t\t\t\t<\/div>\n\t\t\t\t<\/div>\n\t\t\t\t<div class=\"elementor-element elementor-element-40e4fe5 elementor-widget elementor-widget-video\" data-id=\"40e4fe5\" data-element_type=\"widget\" data-e-type=\"widget\" data-settings=\"{&quot;youtube_url&quot;:&quot;https:\\\/\\\/youtu.be\\\/uyXl_PE8TcY?si=w700CcZdC3J_57za&quot;,&quot;video_type&quot;:&quot;youtube&quot;,&quot;controls&quot;:&quot;yes&quot;}\" data-widget_type=\"video.default\">\n\t\t\t\t<div class=\"elementor-widget-container\">\n\t\t\t\t\t\t\t<div class=\"elementor-wrapper elementor-open-inline\">\n\t\t\t<div class=\"elementor-video\"><\/div>\t\t<\/div>\n\t\t\t\t\t\t<\/div>\n\t\t\t\t<\/div>\n\t\t\t\t<div class=\"elementor-element elementor-element-1869883 elementor-widget elementor-widget-text-editor\" data-id=\"1869883\" data-element_type=\"widget\" data-e-type=\"widget\" data-widget_type=\"text-editor.default\">\n\t\t\t\t<div class=\"elementor-widget-container\">\n\t\t\t\t\t\t\t\t\t<p>Mezi nejzn\u00e1m\u011bj\u0161\u00ed sv\u011btov\u00e9 rappery pat\u0159\u00ed: Eminem, Kanye West, XXXTentacion, Travis Scott, John Cena a spousta dal\u0161\u00edch\u2026..<\/p>\t\t\t\t\t\t\t\t<\/div>\n\t\t\t\t<\/div>\n\t\t\t\t<div class=\"elementor-element elementor-element-330fe8d elementor-widget elementor-widget-text-editor\" data-id=\"330fe8d\" data-element_type=\"widget\" data-e-type=\"widget\" data-widget_type=\"text-editor.default\">\n\t\t\t\t<div class=\"elementor-widget-container\">\n\t\t\t\t\t\t\t\t\t<p>Mezi nejzn\u00e1m\u011bj\u0161\u00ed \u010desk\u00e9 a slovensk\u00e9 rappery pat\u0159\u00ed: Paulie Garand, Rytmus, Majk Spirit, Sharlota, Ego, Separ, Marpo a mnoho dal\u0161\u00edch\u2026\u2026.<\/p>\t\t\t\t\t\t\t\t<\/div>\n\t\t\t\t<\/div>\n\t\t\t\t\t<\/div>\n\t\t\t\t<\/div>\n\t\t\t\t<\/div>\n\t\t","protected":false},"excerpt":{"rendered":"<p>rap@zszelena42.cz va\u0161e projekty Skladba: J\u00e1 u\u010ditelka Auto\u0159i: RAPPE\u0158I Z 6.A https:\/\/zszelena42.eu\/2021\/wp-content\/uploads\/2024\/06\/VID-20240605-WA0006.mp4 Skladba:J\u00e1 u\u010ditelka Auto\u0159i: RAPPE\u0158I Z 6:B https:\/\/zszelena42.eu\/2021\/wp-content\/uploads\/2024\/06\/IMG_3289-smallmpc.webm Skladba: RAINBOW GIRLS Auto\u0159i: RAPPERKY Z 3.A &#8230; https:\/\/zszelena42.eu\/2021\/wp-content\/uploads\/2024\/06\/3a.mp4 https:\/\/youtu.be\/IH2OL-BZoDk?si=XP7OybXyyYKQcxyQhttps:\/\/youtu.be\/oWfQMMIp8NM?si=cIM9loyFJR0sSm3L Prvn\u00edm hudebn\u00edkem, kter\u00fd v tehdej\u0161\u00edm \u010ceskoslovensku pou\u017eil rap jako v\u00fdrazov\u00fd prost\u0159edek, byl Les\u00edk Hajdovsk\u00fd s kapelou Man\u017eel\u00e9, kte\u0159\u00ed v\u00a0roce 1984\u00a0vydali album Kamufl\u00e1\u017e. Na n\u011bm asi nejzn\u00e1m\u011bj\u0161\u00ed skladba&hellip;&nbsp;<a href=\"https:\/\/zszelena42.eu\/2021\/elementor-30619\/\" rel=\"bookmark\">\u010c\u00edst d\u00e1le &raquo;<span class=\"screen-reader-text\">RAP<\/span><\/a><\/p>\n","protected":false},"author":16,"featured_media":0,"parent":0,"menu_order":0,"comment_status":"closed","ping_status":"closed","template":"page-templates\/template-pagebuilder-full-width.php","meta":{"neve_meta_sidebar":"right","neve_meta_container":"","neve_meta_enable_content_width":"","neve_meta_content_width":70,"neve_meta_title_alignment":"","neve_meta_author_avatar":"","neve_post_elements_order":"","neve_meta_disable_header":"","neve_meta_disable_footer":"","neve_meta_disable_title":"","footnotes":""},"class_list":["post-30619","page","type-page","status-publish","hentry"],"_links":{"self":[{"href":"https:\/\/zszelena42.eu\/2021\/wp-json\/wp\/v2\/pages\/30619","targetHints":{"allow":["GET"]}}],"collection":[{"href":"https:\/\/zszelena42.eu\/2021\/wp-json\/wp\/v2\/pages"}],"about":[{"href":"https:\/\/zszelena42.eu\/2021\/wp-json\/wp\/v2\/types\/page"}],"author":[{"embeddable":true,"href":"https:\/\/zszelena42.eu\/2021\/wp-json\/wp\/v2\/users\/16"}],"replies":[{"embeddable":true,"href":"https:\/\/zszelena42.eu\/2021\/wp-json\/wp\/v2\/comments?post=30619"}],"version-history":[{"count":150,"href":"https:\/\/zszelena42.eu\/2021\/wp-json\/wp\/v2\/pages\/30619\/revisions"}],"predecessor-version":[{"id":32517,"href":"https:\/\/zszelena42.eu\/2021\/wp-json\/wp\/v2\/pages\/30619\/revisions\/32517"}],"wp:attachment":[{"href":"https:\/\/zszelena42.eu\/2021\/wp-json\/wp\/v2\/media?parent=30619"}],"curies":[{"name":"wp","href":"https:\/\/api.w.org\/{rel}","templated":true}]}}