{"id":29302,"date":"2024-04-03T18:39:40","date_gmt":"2024-04-03T17:39:40","guid":{"rendered":"https:\/\/zszelena42.eu\/2021\/?page_id=29302"},"modified":"2024-04-03T18:49:49","modified_gmt":"2024-04-03T17:49:49","slug":"zima","status":"publish","type":"page","link":"https:\/\/zszelena42.eu\/2021\/zima\/","title":{"rendered":"Zima"},"content":{"rendered":"\t\t<div data-elementor-type=\"wp-page\" data-elementor-id=\"29302\" class=\"elementor elementor-29302\">\n\t\t\t\t<div class=\"elementor-element elementor-element-91d82fc e-con-full e-flex elementor-invisible e-con e-parent\" data-id=\"91d82fc\" data-element_type=\"container\" data-e-type=\"container\" data-settings=\"{&quot;animation&quot;:&quot;fadeIn&quot;}\">\n\t\t\t\t<div class=\"elementor-element elementor-element-70fd4da elementor-widget elementor-widget-premium-image-scroll\" data-id=\"70fd4da\" data-element_type=\"widget\" data-e-type=\"widget\" data-widget_type=\"premium-image-scroll.default\">\n\t\t\t\t<div class=\"elementor-widget-container\">\n\t\t\t\t\t\t\t\t<div class=\"premium-image-scroll-section\" >\n\t\t\t\t<div class=\"premium-image-scroll-container\" data-settings=\"{&quot;trigger&quot;:&quot;hover&quot;,&quot;direction&quot;:&quot;vertical&quot;,&quot;reverse&quot;:&quot;&quot;}\">\n\t\t\t\t\t\t\t\t\t\t<div class=\"premium-image-scroll-vertical\">\n\t\t\t\t\t\t<img fetchpriority=\"high\" decoding=\"async\" width=\"1280\" height=\"853\" src=\"https:\/\/zszelena42.eu\/2021\/wp-content\/uploads\/2024\/04\/fog-8519076_1280.jpg\" class=\"attachment-full size-full wp-image-29303\" alt=\"\" srcset=\"https:\/\/zszelena42.eu\/2021\/wp-content\/uploads\/2024\/04\/fog-8519076_1280.jpg 1280w, https:\/\/zszelena42.eu\/2021\/wp-content\/uploads\/2024\/04\/fog-8519076_1280-300x200.jpg 300w, https:\/\/zszelena42.eu\/2021\/wp-content\/uploads\/2024\/04\/fog-8519076_1280-1024x682.jpg 1024w, https:\/\/zszelena42.eu\/2021\/wp-content\/uploads\/2024\/04\/fog-8519076_1280-150x100.jpg 150w, https:\/\/zszelena42.eu\/2021\/wp-content\/uploads\/2024\/04\/fog-8519076_1280-768x512.jpg 768w, https:\/\/zszelena42.eu\/2021\/wp-content\/uploads\/2024\/04\/fog-8519076_1280-930x620.jpg 930w\" sizes=\"(max-width: 1280px) 100vw, 1280px\" \/>\t\t\t\t\t<\/div>\n\t\t\t\t<\/div>\n\t\t\t<\/div>\n\t\t\t\t\t\t<\/div>\n\t\t\t\t<\/div>\n\t\t\t\t<\/div>\n\t\t<div class=\"elementor-element elementor-element-36d49da e-flex e-con-boxed e-con e-parent\" data-id=\"36d49da\" data-element_type=\"container\" data-e-type=\"container\">\n\t\t\t\t\t<div class=\"e-con-inner\">\n\t\t\t\t<div class=\"elementor-element elementor-element-4b9fde0 elementor-widget elementor-widget-heading\" data-id=\"4b9fde0\" data-element_type=\"widget\" data-e-type=\"widget\" data-widget_type=\"heading.default\">\n\t\t\t\t<div class=\"elementor-widget-container\">\n\t\t\t\t\t<h1 class=\"elementor-heading-title elementor-size-default\">HLASUJ O NEJKR\u00c1SN\u011aJ\u0160\u00cd FOTKU zimy<\/h1>\t\t\t\t<\/div>\n\t\t\t\t<\/div>\n\t\t\t\t\t<\/div>\n\t\t\t\t<\/div>\n\t\t<div class=\"elementor-element elementor-element-841bc48 e-con-full e-flex e-con e-parent\" data-id=\"841bc48\" data-element_type=\"container\" data-e-type=\"container\">\n\t\t\t\t<div class=\"elementor-element elementor-element-6027242 elementor-widget elementor-widget-image-gallery\" data-id=\"6027242\" data-element_type=\"widget\" data-e-type=\"widget\" data-settings=\"{&quot;_animation&quot;:&quot;none&quot;}\" data-widget_type=\"image-gallery.default\">\n\t\t\t\t<div class=\"elementor-widget-container\">\n\t\t\t\t\t\t\t<div class=\"elementor-image-gallery\">\n\t\t\t<div id='gallery-1' class='gallery galleryid-29302 gallery-columns-5 gallery-size-neve-blog'><figure class='gallery-item'>\n\t\t\t<div class='gallery-icon landscape'>\n\t\t\t\t<a data-elementor-open-lightbox=\"yes\" data-elementor-lightbox-slideshow=\"6027242\" data-elementor-lightbox-title=\"20231203_090335\" data-e-action-hash=\"#elementor-action%3Aaction%3Dlightbox%26settings%3DeyJpZCI6MjkzMDcsInVybCI6Imh0dHBzOlwvXC96c3plbGVuYTQyLmV1XC8yMDIxXC93cC1jb250ZW50XC91cGxvYWRzXC8yMDI0XC8wNFwvMjAyMzEyMDNfMDkwMzM1LmpwZyIsInNsaWRlc2hvdyI6IjYwMjcyNDIifQ%3D%3D\" href='https:\/\/zszelena42.eu\/2021\/wp-content\/uploads\/2024\/04\/20231203_090335.jpg'><img decoding=\"async\" width=\"930\" height=\"620\" src=\"https:\/\/zszelena42.eu\/2021\/wp-content\/uploads\/2024\/04\/20231203_090335-930x620.jpg\" class=\"attachment-neve-blog size-neve-blog\" alt=\"\" \/><\/a>\n\t\t\t<\/div><\/figure><figure class='gallery-item'>\n\t\t\t<div class='gallery-icon portrait'>\n\t\t\t\t<a data-elementor-open-lightbox=\"yes\" data-elementor-lightbox-slideshow=\"6027242\" data-elementor-lightbox-title=\"IMG_20231130_143148\" data-e-action-hash=\"#elementor-action%3Aaction%3Dlightbox%26settings%3DeyJpZCI6MjkzMDgsInVybCI6Imh0dHBzOlwvXC96c3plbGVuYTQyLmV1XC8yMDIxXC93cC1jb250ZW50XC91cGxvYWRzXC8yMDI0XC8wNFwvSU1HXzIwMjMxMTMwXzE0MzE0OC5qcGciLCJzbGlkZXNob3ciOiI2MDI3MjQyIn0%3D\" href='https:\/\/zszelena42.eu\/2021\/wp-content\/uploads\/2024\/04\/IMG_20231130_143148.jpg'><img decoding=\"async\" width=\"930\" height=\"620\" src=\"https:\/\/zszelena42.eu\/2021\/wp-content\/uploads\/2024\/04\/IMG_20231130_143148-930x620.jpg\" class=\"attachment-neve-blog size-neve-blog\" alt=\"\" \/><\/a>\n\t\t\t<\/div><\/figure><figure class='gallery-item'>\n\t\t\t<div class='gallery-icon landscape'>\n\t\t\t\t<a data-elementor-open-lightbox=\"yes\" data-elementor-lightbox-slideshow=\"6027242\" data-elementor-lightbox-title=\"20240116_100106\" data-e-action-hash=\"#elementor-action%3Aaction%3Dlightbox%26settings%3DeyJpZCI6MjkzMDUsInVybCI6Imh0dHBzOlwvXC96c3plbGVuYTQyLmV1XC8yMDIxXC93cC1jb250ZW50XC91cGxvYWRzXC8yMDI0XC8wNFwvMjAyNDAxMTZfMTAwMTA2LXNjYWxlZC5qcGciLCJzbGlkZXNob3ciOiI2MDI3MjQyIn0%3D\" href='https:\/\/zszelena42.eu\/2021\/wp-content\/uploads\/2024\/04\/20240116_100106-scaled.jpg'><img loading=\"lazy\" decoding=\"async\" width=\"930\" height=\"620\" src=\"https:\/\/zszelena42.eu\/2021\/wp-content\/uploads\/2024\/04\/20240116_100106-930x620.jpg\" class=\"attachment-neve-blog size-neve-blog\" alt=\"\" \/><\/a>\n\t\t\t<\/div><\/figure><figure class='gallery-item'>\n\t\t\t<div class='gallery-icon portrait'>\n\t\t\t\t<a data-elementor-open-lightbox=\"yes\" data-elementor-lightbox-slideshow=\"6027242\" data-elementor-lightbox-title=\"IMG_20231203_151954\" data-e-action-hash=\"#elementor-action%3Aaction%3Dlightbox%26settings%3DeyJpZCI6MjkzMDYsInVybCI6Imh0dHBzOlwvXC96c3plbGVuYTQyLmV1XC8yMDIxXC93cC1jb250ZW50XC91cGxvYWRzXC8yMDI0XC8wNFwvSU1HXzIwMjMxMjAzXzE1MTk1NC1yb3RhdGVkLWUxNzEyMTY1ODM5NzE0LmpwZyIsInNsaWRlc2hvdyI6IjYwMjcyNDIifQ%3D%3D\" href='https:\/\/zszelena42.eu\/2021\/wp-content\/uploads\/2024\/04\/IMG_20231203_151954-rotated-e1712165839714.jpg'><img loading=\"lazy\" decoding=\"async\" width=\"930\" height=\"620\" src=\"https:\/\/zszelena42.eu\/2021\/wp-content\/uploads\/2024\/04\/IMG_20231203_151954-rotated-e1712165839714-930x620.jpg\" class=\"attachment-neve-blog size-neve-blog\" alt=\"\" \/><\/a>\n\t\t\t<\/div><\/figure><figure class='gallery-item'>\n\t\t\t<div class='gallery-icon landscape'>\n\t\t\t\t<a data-elementor-open-lightbox=\"yes\" data-elementor-lightbox-slideshow=\"6027242\" data-elementor-lightbox-title=\"20240116_100452\" data-e-action-hash=\"#elementor-action%3Aaction%3Dlightbox%26settings%3DeyJpZCI6MjkzMDQsInVybCI6Imh0dHBzOlwvXC96c3plbGVuYTQyLmV1XC8yMDIxXC93cC1jb250ZW50XC91cGxvYWRzXC8yMDI0XC8wNFwvMjAyNDAxMTZfMTAwNDUyLXNjYWxlZC5qcGciLCJzbGlkZXNob3ciOiI2MDI3MjQyIn0%3D\" href='https:\/\/zszelena42.eu\/2021\/wp-content\/uploads\/2024\/04\/20240116_100452-scaled.jpg'><img loading=\"lazy\" decoding=\"async\" width=\"930\" height=\"620\" src=\"https:\/\/zszelena42.eu\/2021\/wp-content\/uploads\/2024\/04\/20240116_100452-930x620.jpg\" class=\"attachment-neve-blog size-neve-blog\" alt=\"\" \/><\/a>\n\t\t\t<\/div><\/figure>\n\t\t<\/div>\n\t\t<\/div>\n\t\t\t\t\t\t<\/div>\n\t\t\t\t<\/div>\n\t\t\t\t<\/div>\n\t\t<div class=\"elementor-element elementor-element-712e720 e-flex e-con-boxed e-con e-parent\" data-id=\"712e720\" data-element_type=\"container\" data-e-type=\"container\">\n\t\t\t\t\t<div class=\"e-con-inner\">\n\t\t\t\t<div class=\"elementor-element elementor-element-4ba6d71 elementor-widget elementor-widget-shortcode\" data-id=\"4ba6d71\" data-element_type=\"widget\" data-e-type=\"widget\" data-widget_type=\"shortcode.default\">\n\t\t\t\t<div class=\"elementor-widget-container\">\n\t\t\t\t\t\t\t<div class=\"elementor-shortcode\"><\/div>\n\t\t\t\t\t\t<\/div>\n\t\t\t\t<\/div>\n\t\t\t\t\t<\/div>\n\t\t\t\t<\/div>\n\t\t\t\t<section class=\"elementor-section elementor-top-section elementor-element elementor-element-9d72a16 elementor-section-content-middle elementor-reverse-mobile elementor-section-boxed elementor-section-height-default elementor-section-height-default\" data-id=\"9d72a16\" data-element_type=\"section\" data-e-type=\"section\" data-settings=\"{&quot;background_background&quot;:&quot;classic&quot;}\">\n\t\t\t\t\t\t<div class=\"elementor-container elementor-column-gap-default\">\n\t\t\t\t\t<div class=\"elementor-column elementor-col-50 elementor-top-column elementor-element elementor-element-d6ec035\" data-id=\"d6ec035\" data-element_type=\"column\" data-e-type=\"column\">\n\t\t\t<div class=\"elementor-widget-wrap elementor-element-populated\">\n\t\t\t\t\t\t<div class=\"elementor-element elementor-element-7d3cea6 elementor-widget elementor-widget-heading\" data-id=\"7d3cea6\" data-element_type=\"widget\" data-e-type=\"widget\" data-widget_type=\"heading.default\">\n\t\t\t\t<div class=\"elementor-widget-container\">\n\t\t\t\t\t<h2 class=\"elementor-heading-title elementor-size-default\">O ZIM\u011a<\/h2>\t\t\t\t<\/div>\n\t\t\t\t<\/div>\n\t\t\t\t<div class=\"elementor-element elementor-element-439b97d elementor-widget elementor-widget-text-editor\" data-id=\"439b97d\" data-element_type=\"widget\" data-e-type=\"widget\" data-widget_type=\"text-editor.default\">\n\t\t\t\t<div class=\"elementor-widget-container\">\n\t\t\t\t\t\t\t\t\t<p><em>Prvn\u00ed vlo\u010dka, druh\u00e1, t\u0159et\u00ed<br \/>z nebe na zem pr\u00e1v\u011b let\u00ed.<br \/>Jedna vedle druh\u00e9 sed\u00e1,<br \/>voln\u00e9 m\u00edsto je\u0161t\u011b hled\u00e1.<br \/>Na strom, st\u0159echu, silnici<br \/>ud\u011blaj\u00ed \u010depici.<\/em><\/p><p><em>Fotografov\u00e9 vyr\u00e1\u017e\u00ed do p\u0159\u00edrody fotit nejb\u011blej\u0161\u00ed ro\u010dn\u00ed obdob\u00ed do kalend\u00e1\u0159\u016f na rok 2024 a mal\u00ed\u0159i se d\u00edvaj\u00ed z oken ateli\u00e9r\u016f ven, kde hledaj\u00ed inspiraci. <strong>I vy si m\u016f\u017eete vybrat a hlasovat a\u017e pro t\u0159i fotografie, kter\u00e9 vyfotili \u017e\u00e1ci na\u0161\u00ed \u0161koly.<\/strong><\/em><\/p>\t\t\t\t\t\t\t\t<\/div>\n\t\t\t\t<\/div>\n\t\t\t\t<div class=\"elementor-element elementor-element-b71b291 elementor-shape-circle e-grid-align-left elementor-grid-0 elementor-widget elementor-widget-social-icons\" data-id=\"b71b291\" data-element_type=\"widget\" data-e-type=\"widget\" data-widget_type=\"social-icons.default\">\n\t\t\t\t<div class=\"elementor-widget-container\">\n\t\t\t\t\t\t\t<div class=\"elementor-social-icons-wrapper elementor-grid\" role=\"list\">\n\t\t\t\t\t\t\t<span class=\"elementor-grid-item\" role=\"listitem\">\n\t\t\t\t\t<a class=\"elementor-icon elementor-social-icon elementor-social-icon-facebook elementor-repeater-item-7455ed3\" href=\"https:\/\/www.facebook.com\/groups\/zszelena42\" target=\"_blank\">\n\t\t\t\t\t\t<span class=\"elementor-screen-only\">Facebook<\/span>\n\t\t\t\t\t\t<svg aria-hidden=\"true\" class=\"e-font-icon-svg e-fab-facebook\" viewBox=\"0 0 512 512\" xmlns=\"http:\/\/www.w3.org\/2000\/svg\"><path d=\"M504 256C504 119 393 8 256 8S8 119 8 256c0 123.78 90.69 226.38 209.25 245V327.69h-63V256h63v-54.64c0-62.15 37-96.48 93.67-96.48 27.14 0 55.52 4.84 55.52 4.84v61h-31.28c-30.8 0-40.41 19.12-40.41 38.73V256h68.78l-11 71.69h-57.78V501C413.31 482.38 504 379.78 504 256z\"><\/path><\/svg>\t\t\t\t\t<\/a>\n\t\t\t\t<\/span>\n\t\t\t\t\t\t\t<span class=\"elementor-grid-item\" role=\"listitem\">\n\t\t\t\t\t<a class=\"elementor-icon elementor-social-icon elementor-social-icon-joomla elementor-repeater-item-f423ee5\" href=\"https:\/\/zszelena42.cz\/\" target=\"_blank\">\n\t\t\t\t\t\t<span class=\"elementor-screen-only\">Joomla<\/span>\n\t\t\t\t\t\t<svg aria-hidden=\"true\" class=\"e-font-icon-svg e-fab-joomla\" viewBox=\"0 0 448 512\" xmlns=\"http:\/\/www.w3.org\/2000\/svg\"><path d=\"M.6 92.1C.6 58.8 27.4 32 60.4 32c30 0 54.5 21.9 59.2 50.2 32.6-7.6 67.1.6 96.5 30l-44.3 44.3c-20.5-20.5-42.6-16.3-55.4-3.5-14.3 14.3-14.3 37.9 0 52.2l99.5 99.5-44 44.3c-87.7-87.2-49.7-49.7-99.8-99.7-26.8-26.5-35-64.8-24.8-98.9C20.4 144.6.6 120.7.6 92.1zm129.5 116.4l44.3 44.3c10-10 89.7-89.7 99.7-99.8 14.3-14.3 37.6-14.3 51.9 0 12.8 12.8 17 35-3.5 55.4l44 44.3c31.2-31.2 38.5-67.6 28.9-101.2 29.2-4.1 51.9-29.2 51.9-59.5 0-33.2-26.8-60.1-59.8-60.1-30.3 0-55.4 22.5-59.5 51.6-33.8-9.9-71.7-1.5-98.3 25.1-18.3 19.1-71.1 71.5-99.6 99.9zm266.3 152.2c8.2-32.7-.9-68.5-26.3-93.9-11.8-12.2 5 4.7-99.5-99.7l-44.3 44.3 99.7 99.7c14.3 14.3 14.3 37.6 0 51.9-12.8 12.8-35 17-55.4-3.5l-44 44.3c27.6 30.2 68 38.8 102.7 28 5.5 27.4 29.7 48.1 58.9 48.1 33 0 59.8-26.8 59.8-60.1 0-30.2-22.5-55-51.6-59.1zm-84.3-53.1l-44-44.3c-87 86.4-50.4 50.4-99.7 99.8-14.3 14.3-37.6 14.3-51.9 0-13.1-13.4-16.9-35.3 3.2-55.4l-44-44.3c-30.2 30.2-38 65.2-29.5 98.3-26.7 6-46.2 29.9-46.2 58.2C0 453.2 26.8 480 59.8 480c28.6 0 52.5-19.8 58.6-46.7 32.7 8.2 68.5-.6 94.2-26 32.1-32 12.2-12.4 99.5-99.7z\"><\/path><\/svg>\t\t\t\t\t<\/a>\n\t\t\t\t<\/span>\n\t\t\t\t\t<\/div>\n\t\t\t\t\t\t<\/div>\n\t\t\t\t<\/div>\n\t\t\t\t\t<\/div>\n\t\t<\/div>\n\t\t\t\t<div class=\"elementor-column elementor-col-50 elementor-top-column elementor-element elementor-element-85816ae\" data-id=\"85816ae\" data-element_type=\"column\" data-e-type=\"column\">\n\t\t\t<div class=\"elementor-widget-wrap elementor-element-populated\">\n\t\t\t\t\t\t<div class=\"elementor-element elementor-element-a420b52 elementor-widget elementor-widget-image\" data-id=\"a420b52\" data-element_type=\"widget\" data-e-type=\"widget\" data-widget_type=\"image.default\">\n\t\t\t\t<div class=\"elementor-widget-container\">\n\t\t\t\t\t\t\t\t\t\t\t\t\t\t\t<img loading=\"lazy\" decoding=\"async\" width=\"640\" height=\"427\" src=\"https:\/\/zszelena42.eu\/2021\/wp-content\/uploads\/2024\/04\/trees-4830285_640.jpg\" class=\"attachment-full size-full wp-image-29309\" alt=\"\" srcset=\"https:\/\/zszelena42.eu\/2021\/wp-content\/uploads\/2024\/04\/trees-4830285_640.jpg 640w, https:\/\/zszelena42.eu\/2021\/wp-content\/uploads\/2024\/04\/trees-4830285_640-300x200.jpg 300w, https:\/\/zszelena42.eu\/2021\/wp-content\/uploads\/2024\/04\/trees-4830285_640-150x100.jpg 150w\" sizes=\"(max-width: 640px) 100vw, 640px\" \/>\t\t\t\t\t\t\t\t\t\t\t\t\t\t\t<\/div>\n\t\t\t\t<\/div>\n\t\t\t\t\t<\/div>\n\t\t<\/div>\n\t\t\t\t\t<\/div>\n\t\t<\/section>\n\t\t\t\t<\/div>\n\t\t","protected":false},"excerpt":{"rendered":"<p>HLASUJ O NEJKR\u00c1SN\u011aJ\u0160\u00cd FOTKU zimy O ZIM\u011a Prvn\u00ed vlo\u010dka, druh\u00e1, t\u0159et\u00edz nebe na zem pr\u00e1v\u011b let\u00ed.Jedna vedle druh\u00e9 sed\u00e1,voln\u00e9 m\u00edsto je\u0161t\u011b hled\u00e1.Na strom, st\u0159echu, silniciud\u011blaj\u00ed \u010depici. Fotografov\u00e9 vyr\u00e1\u017e\u00ed do p\u0159\u00edrody fotit nejb\u011blej\u0161\u00ed ro\u010dn\u00ed obdob\u00ed do kalend\u00e1\u0159\u016f na rok 2024 a mal\u00ed\u0159i se d\u00edvaj\u00ed z oken ateli\u00e9r\u016f ven, kde hledaj\u00ed inspiraci. I vy si m\u016f\u017eete vybrat&hellip;&nbsp;<a href=\"https:\/\/zszelena42.eu\/2021\/zima\/\" rel=\"bookmark\">\u010c\u00edst d\u00e1le &raquo;<span class=\"screen-reader-text\">Zima<\/span><\/a><\/p>\n","protected":false},"author":16,"featured_media":0,"parent":0,"menu_order":0,"comment_status":"closed","ping_status":"closed","template":"page-templates\/template-pagebuilder-full-width.php","meta":{"neve_meta_sidebar":"full-width","neve_meta_container":"","neve_meta_enable_content_width":"on","neve_meta_content_width":100,"neve_meta_title_alignment":"","neve_meta_author_avatar":"","neve_post_elements_order":"","neve_meta_disable_header":"","neve_meta_disable_footer":"","neve_meta_disable_title":"on","footnotes":""},"class_list":["post-29302","page","type-page","status-publish","hentry"],"_links":{"self":[{"href":"https:\/\/zszelena42.eu\/2021\/wp-json\/wp\/v2\/pages\/29302","targetHints":{"allow":["GET"]}}],"collection":[{"href":"https:\/\/zszelena42.eu\/2021\/wp-json\/wp\/v2\/pages"}],"about":[{"href":"https:\/\/zszelena42.eu\/2021\/wp-json\/wp\/v2\/types\/page"}],"author":[{"embeddable":true,"href":"https:\/\/zszelena42.eu\/2021\/wp-json\/wp\/v2\/users\/16"}],"replies":[{"embeddable":true,"href":"https:\/\/zszelena42.eu\/2021\/wp-json\/wp\/v2\/comments?post=29302"}],"version-history":[{"count":7,"href":"https:\/\/zszelena42.eu\/2021\/wp-json\/wp\/v2\/pages\/29302\/revisions"}],"predecessor-version":[{"id":29316,"href":"https:\/\/zszelena42.eu\/2021\/wp-json\/wp\/v2\/pages\/29302\/revisions\/29316"}],"wp:attachment":[{"href":"https:\/\/zszelena42.eu\/2021\/wp-json\/wp\/v2\/media?parent=29302"}],"curies":[{"name":"wp","href":"https:\/\/api.w.org\/{rel}","templated":true}]}}